{"id":13,"date":"2025-08-22T13:44:51","date_gmt":"2025-08-22T13:44:51","guid":{"rendered":"https:\/\/laperdiciondesu.com\/?page_id=13"},"modified":"2026-04-15T16:29:59","modified_gmt":"2026-04-15T16:29:59","slug":"nosotros","status":"publish","type":"page","link":"https:\/\/laperdiciondesu.com\/index.php\/nosotros\/","title":{"rendered":"Nosotros"},"content":{"rendered":"\t\t<div data-elementor-type=\"wp-page\" data-elementor-id=\"13\" class=\"elementor elementor-13\">\n\t\t\t\t<div class=\"elementor-element elementor-element-d0b4a18 e-flex e-con-boxed e-con e-parent\" data-id=\"d0b4a18\" data-element_type=\"container\">\n\t\t\t\t\t<div class=\"e-con-inner\">\n\t\t\t\t<div class=\"elementor-element elementor-element-e70bb9c elementor-widget elementor-widget-heading\" data-id=\"e70bb9c\" data-element_type=\"widget\" data-widget_type=\"heading.default\">\n\t\t\t\t\t<h2 class=\"elementor-heading-title elementor-size-default\">Sobre Nosotros <\/h2>\t\t\t\t<\/div>\n\t\t\t\t\t<\/div>\n\t\t\t\t<\/div>\n\t\t<div class=\"elementor-element elementor-element-c1f3684 e-flex e-con-boxed e-con e-parent\" data-id=\"c1f3684\" data-element_type=\"container\">\n\t\t\t\t\t<div class=\"e-con-inner\">\n\t\t<div class=\"elementor-element elementor-element-718564c e-con-full e-flex e-con e-child\" data-id=\"718564c\" data-element_type=\"container\">\n\t\t\t\t<div class=\"elementor-element elementor-element-3aa5ab3 elementor-widget elementor-widget-video\" data-id=\"3aa5ab3\" data-element_type=\"widget\" data-settings=\"{&quot;video_type&quot;:&quot;hosted&quot;,&quot;controls&quot;:&quot;yes&quot;}\" data-widget_type=\"video.default\">\n\t\t\t\t\t\t\t<div class=\"e-hosted-video elementor-wrapper elementor-open-inline\">\n\t\t\t\t\t<video class=\"elementor-video\" src=\"https:\/\/laperdiciondesu.com\/wp-content\/uploads\/2026\/04\/VIDEO-2026-04-15-18-17-47.mp4\" controls=\"\" preload=\"metadata\" controlsList=\"nodownload\"><\/video>\n\t\t\t\t<\/div>\n\t\t\t\t\t\t<\/div>\n\t\t\t\t<\/div>\n\t\t<div class=\"elementor-element elementor-element-825aac2 e-con-full e-flex e-con e-child\" data-id=\"825aac2\" data-element_type=\"container\">\n\t\t\t\t<div class=\"elementor-element elementor-element-6506aed elementor-widget elementor-widget-text-editor\" data-id=\"6506aed\" data-element_type=\"widget\" data-widget_type=\"text-editor.default\">\n\t\t\t\t\t\t\t\t\t<p data-start=\"81\" data-end=\"353\">Descubre el aut\u00e9ntico sabor del Mediterr\u00e1neo en La Perdici\u00f3n de Su. Somos un restaurante de tapas de alta cocina donde cada creaci\u00f3n es una expresi\u00f3n cuidada de la tradici\u00f3n mediterr\u00e1nea, reinterpretada con una mirada contempor\u00e1nea y un profundo respeto por el producto. M\u00e1s que una carta, ofrecemos una experiencia gastron\u00f3mica pensada para despertar los sentidos y celebrar el placer de compartir.<\/p><p data-start=\"487\" data-end=\"674\">Nuestra propuesta se completa con una barra de cocteler\u00eda de autor, donde cada c\u00f3ctel ha sido dise\u00f1ado para acompa\u00f1ar y realzar cada momento, creando una armon\u00eda perfecta entre sabores.<\/p><p data-start=\"676\" data-end=\"813\">\u00a0<\/p>\t\t\t\t\t\t\t\t<\/div>\n\t\t\t\t<\/div>\n\t\t\t\t\t<\/div>\n\t\t\t\t<\/div>\n\t\t<div class=\"elementor-element elementor-element-919275a e-flex e-con-boxed e-con e-parent\" data-id=\"919275a\" data-element_type=\"container\">\n\t\t\t\t\t<div class=\"e-con-inner\">\n\t\t<div class=\"elementor-element elementor-element-17ce157 e-con-full e-flex e-con e-child\" data-id=\"17ce157\" data-element_type=\"container\">\n\t\t\t\t<div class=\"elementor-element elementor-element-6198369 elementor-widget elementor-widget-text-editor\" data-id=\"6198369\" data-element_type=\"widget\" data-widget_type=\"text-editor.default\">\n\t\t\t\t\t\t\t\t\t<p><strong>\u00bfPor qu\u00e9 \u201cLa Perdici\u00f3n\u201d?<\/strong><\/p>\t\t\t\t\t\t\t\t<\/div>\n\t\t\t\t<\/div>\n\t\t<div class=\"elementor-element elementor-element-ee3bc4d e-con-full e-flex e-con e-child\" data-id=\"ee3bc4d\" data-element_type=\"container\">\n\t\t\t\t<div class=\"elementor-element elementor-element-a9d2e96 elementor-widget elementor-widget-text-editor\" data-id=\"a9d2e96\" data-element_type=\"widget\" data-widget_type=\"text-editor.default\">\n\t\t\t\t\t\t\t\t\t<p><strong>Lo que vas a encontrar<\/strong><\/p>\t\t\t\t\t\t\t\t<\/div>\n\t\t\t\t<\/div>\n\t\t<div class=\"elementor-element elementor-element-f901ea0 e-con-full e-flex e-con e-child\" data-id=\"f901ea0\" data-element_type=\"container\">\n\t\t\t\t<div class=\"elementor-element elementor-element-1e9e342 elementor-widget elementor-widget-text-editor\" data-id=\"1e9e342\" data-element_type=\"widget\" data-widget_type=\"text-editor.default\">\n\t\t\t\t\t\t\t\t\t<p>Porque aqu\u00ed uno viene a caer en la tentaci\u00f3n sin culpa: a pedir esa tapita de m\u00e1s, a probar un c\u00f3ctel distinto, a dejarse llevar por el ambiente y a disfrutar sin mirar el reloj. La idea es que cada visita sea un plan entre amigos, con risas, buena m\u00fasica y la mesa siempre llena.<\/p>\t\t\t\t\t\t\t\t<\/div>\n\t\t\t\t<\/div>\n\t\t<div class=\"elementor-element elementor-element-60c064e e-con-full e-flex e-con e-child\" data-id=\"60c064e\" data-element_type=\"container\">\n\t\t\t\t<div class=\"elementor-element elementor-element-051db60 elementor-widget elementor-widget-text-editor\" data-id=\"051db60\" data-element_type=\"widget\" data-widget_type=\"text-editor.default\">\n\t\t\t\t\t\t\t\t\t<ul data-start=\"1037\" data-end=\"1329\"><li data-start=\"1037\" data-end=\"1140\"><p data-start=\"1039\" data-end=\"1140\"><strong data-start=\"1039\" data-end=\"1061\">Tapas con car\u00e1cter<\/strong>, desde cl\u00e1sicos que nunca fallan hasta creaciones propias para sorprenderte.<\/p><\/li><li data-start=\"1141\" data-end=\"1241\"><p data-start=\"1143\" data-end=\"1241\"><strong data-start=\"1143\" data-end=\"1177\">C\u00f3cteles para todos los gustos<\/strong>, preparados con cari\u00f1o y con ese detalle que los hace \u00fanicos.<\/p><\/li><li data-start=\"1242\" data-end=\"1329\"><p data-start=\"1244\" data-end=\"1329\"><strong>Un ambiente relajado<\/strong>, pensado para que te sientas como en casa\u2026 pero con m\u00e1s sabor.<\/p><\/li><\/ul><h3 data-start=\"1331\" data-end=\"1353\">\u00a0<\/h3>\t\t\t\t\t\t\t\t<\/div>\n\t\t\t\t<\/div>\n\t\t\t\t\t<\/div>\n\t\t\t\t<\/div>\n\t\t<div class=\"elementor-element elementor-element-8fc5141 e-flex e-con-boxed e-con e-parent\" data-id=\"8fc5141\" data-element_type=\"container\">\n\t\t\t\t\t<div class=\"e-con-inner\">\n\t\t\t\t<div class=\"elementor-element elementor-element-f51b615 elementor-widget elementor-widget-heading\" data-id=\"f51b615\" data-element_type=\"widget\" data-widget_type=\"heading.default\">\n\t\t\t\t\t<h2 class=\"elementor-heading-title elementor-size-default\">Nuestro Objetivo<\/h2>\t\t\t\t<\/div>\n\t\t\t\t\t<\/div>\n\t\t\t\t<\/div>\n\t\t<div class=\"elementor-element elementor-element-a4ab18f e-flex e-con-boxed e-con e-parent\" data-id=\"a4ab18f\" data-element_type=\"container\">\n\t\t\t\t\t<div class=\"e-con-inner\">\n\t\t\t\t<div class=\"elementor-element elementor-element-c8e86c9 elementor-widget elementor-widget-text-editor\" data-id=\"c8e86c9\" data-element_type=\"widget\" data-widget_type=\"text-editor.default\">\n\t\t\t\t\t\t\t\t\t<p>En La Perdici\u00f3n de Su, cada plato es una historia que contar y una invitaci\u00f3n a disfrutar sin complicaciones. Nuestro men\u00fa est\u00e1 dise\u00f1ado para el encuentro y el sabor, con <b>tapas de origen mediterr\u00e1neo<\/b> que honran la tradici\u00f3n de la alta cocina.<\/p><p>Descubre nuestra variedad de <b>tapas para compartir<\/b>, desde cl\u00e1sicos reinventados hasta nuevas creaciones de la casa. Nuestra carta de <b>c\u00f3cteles de autor<\/b> complementa a la perfecci\u00f3n cada bocado, con mezclas \u00fanicas y refrescantes.<\/p><p>Te invitamos a ser parte de nuestra casa, un lugar donde la comida se disfruta en compa\u00f1\u00eda, las risas fluyen y cada visita se convierte en un buen recuerdo.<\/p>\t\t\t\t\t\t\t\t<\/div>\n\t\t\t\t\t<\/div>\n\t\t\t\t<\/div>\n\t\t<div class=\"elementor-element elementor-element-c023a49 e-flex e-con-boxed e-con e-parent\" data-id=\"c023a49\" data-element_type=\"container\">\n\t\t\t\t\t<div class=\"e-con-inner\">\n\t\t\t\t<div class=\"elementor-element elementor-element-6540764 elementor-shape-circle elementor-grid-0 e-grid-align-center elementor-widget elementor-widget-social-icons\" data-id=\"6540764\" data-element_type=\"widget\" data-widget_type=\"social-icons.default\">\n\t\t\t\t\t\t\t<div class=\"elementor-social-icons-wrapper elementor-grid\" role=\"list\">\n\t\t\t\t\t\t\t<span class=\"elementor-grid-item\" role=\"listitem\">\n\t\t\t\t\t<a class=\"elementor-icon elementor-social-icon elementor-social-icon-facebook elementor-repeater-item-b736782\" href=\"https:\/\/www.facebook.com\/profile.php?id=61584495316191\" target=\"_blank\">\n\t\t\t\t\t\t<span class=\"elementor-screen-only\">Facebook<\/span>\n\t\t\t\t\t\t<svg class=\"e-font-icon-svg e-fab-facebook\" viewBox=\"0 0 512 512\" xmlns=\"http:\/\/www.w3.org\/2000\/svg\"><path d=\"M504 256C504 119 393 8 256 8S8 119 8 256c0 123.78 90.69 226.38 209.25 245V327.69h-63V256h63v-54.64c0-62.15 37-96.48 93.67-96.48 27.14 0 55.52 4.84 55.52 4.84v61h-31.28c-30.8 0-40.41 19.12-40.41 38.73V256h68.78l-11 71.69h-57.78V501C413.31 482.38 504 379.78 504 256z\"><\/path><\/svg>\t\t\t\t\t<\/a>\n\t\t\t\t<\/span>\n\t\t\t\t\t\t\t<span class=\"elementor-grid-item\" role=\"listitem\">\n\t\t\t\t\t<a class=\"elementor-icon elementor-social-icon elementor-social-icon-instagram elementor-repeater-item-ee64d27\" href=\"https:\/\/www.instagram.com\/laperdiciondesu?igsh=eGNwZmptamJtd2V4&#038;utm_source=qr\" target=\"_blank\">\n\t\t\t\t\t\t<span class=\"elementor-screen-only\">Instagram<\/span>\n\t\t\t\t\t\t<svg class=\"e-font-icon-svg e-fab-instagram\" viewBox=\"0 0 448 512\" xmlns=\"http:\/\/www.w3.org\/2000\/svg\"><path d=\"M224.1 141c-63.6 0-114.9 51.3-114.9 114.9s51.3 114.9 114.9 114.9S339 319.5 339 255.9 287.7 141 224.1 141zm0 189.6c-41.1 0-74.7-33.5-74.7-74.7s33.5-74.7 74.7-74.7 74.7 33.5 74.7 74.7-33.6 74.7-74.7 74.7zm146.4-194.3c0 14.9-12 26.8-26.8 26.8-14.9 0-26.8-12-26.8-26.8s12-26.8 26.8-26.8 26.8 12 26.8 26.8zm76.1 27.2c-1.7-35.9-9.9-67.7-36.2-93.9-26.2-26.2-58-34.4-93.9-36.2-37-2.1-147.9-2.1-184.9 0-35.8 1.7-67.6 9.9-93.9 36.1s-34.4 58-36.2 93.9c-2.1 37-2.1 147.9 0 184.9 1.7 35.9 9.9 67.7 36.2 93.9s58 34.4 93.9 36.2c37 2.1 147.9 2.1 184.9 0 35.9-1.7 67.7-9.9 93.9-36.2 26.2-26.2 34.4-58 36.2-93.9 2.1-37 2.1-147.8 0-184.8zM398.8 388c-7.8 19.6-22.9 34.7-42.6 42.6-29.5 11.7-99.5 9-132.1 9s-102.7 2.6-132.1-9c-19.6-7.8-34.7-22.9-42.6-42.6-11.7-29.5-9-99.5-9-132.1s-2.6-102.7 9-132.1c7.8-19.6 22.9-34.7 42.6-42.6 29.5-11.7 99.5-9 132.1-9s102.7-2.6 132.1 9c19.6 7.8 34.7 22.9 42.6 42.6 11.7 29.5 9 99.5 9 132.1s2.7 102.7-9 132.1z\"><\/path><\/svg>\t\t\t\t\t<\/a>\n\t\t\t\t<\/span>\n\t\t\t\t\t<\/div>\n\t\t\t\t\t\t<\/div>\n\t\t\t\t\t<\/div>\n\t\t\t\t<\/div>\n\t\t<div class=\"elementor-element elementor-element-a118343 e-flex e-con-boxed e-con e-parent\" data-id=\"a118343\" data-element_type=\"container\">\n\t\t\t\t\t<div class=\"e-con-inner\">\n\t\t\t\t<div class=\"elementor-element elementor-element-d487f9a elementor-widget elementor-widget-text-editor\" data-id=\"d487f9a\" data-element_type=\"widget\" data-widget_type=\"text-editor.default\">\n\t\t\t\t\t\t\t\t\t<p><strong>Reservaciones a: reservas@laperdiciondesu.com<\/strong><\/p><p><strong>Tel\u00e9fonos: 639468866 y 937966410<\/strong><\/p>\t\t\t\t\t\t\t\t<\/div>\n\t\t\t\t\t<\/div>\n\t\t\t\t<\/div>\n\t\t\t\t<\/div>\n\t\t","protected":false},"excerpt":{"rendered":"<p>Sobre Nosotros https:\/\/laperdiciondesu.com\/wp-content\/uploads\/2026\/04\/VIDEO-2026-04-15-18-17-47.mp4 Descubre el aut\u00e9ntico sabor del Mediterr\u00e1neo en La Perdici\u00f3n de Su. Somos un restaurante de tapas de [&hellip;]<\/p>\n","protected":false},"author":1,"featured_media":0,"parent":0,"menu_order":0,"comment_status":"closed","ping_status":"closed","template":"","meta":{"site-sidebar-layout":"default","site-content-layout":"","ast-site-content-layout":"default","site-content-style":"default","site-sidebar-style":"default","ast-global-header-display":"","ast-banner-title-visibility":"","ast-main-header-display":"","ast-hfb-above-header-display":"","ast-hfb-below-header-display":"","ast-hfb-mobile-header-display":"","site-post-title":"disabled","ast-breadcrumbs-content":"","ast-featured-img":"","footer-sml-layout":"","theme-transparent-header-meta":"","adv-header-id-meta":"","stick-header-meta":"","header-above-stick-meta":"","header-main-stick-meta":"","header-below-stick-meta":"","astra-migrate-meta-layouts":"default","ast-page-background-enabled":"default","ast-page-background-meta":{"desktop":{"background-color":"var(--ast-global-color-5)","background-image":"","background-repeat":"repeat","background-position":"center center","background-size":"auto","background-attachment":"scroll","background-type":"","background-media":"","overlay-type":"","overlay-color":"","overlay-opacity":"","overlay-gradient":""},"tablet":{"background-color":"","background-image":"","background-repeat":"repeat","background-position":"center center","background-size":"auto","background-attachment":"scroll","background-type":"","background-media":"","overlay-type":"","overlay-color":"","overlay-opacity":"","overlay-gradient":""},"mobile":{"background-color":"","background-image":"","background-repeat":"repeat","background-position":"center center","background-size":"auto","background-attachment":"scroll","background-type":"","background-media":"","overlay-type":"","overlay-color":"","overlay-opacity":"","overlay-gradient":""}},"ast-content-background-meta":{"desktop":{"background-color":"var(--ast-global-color-4)","background-image":"","background-repeat":"repeat","background-position":"center center","background-size":"auto","background-attachment":"scroll","background-type":"","background-media":"","overlay-type":"","overlay-color":"","overlay-opacity":"","overlay-gradient":""},"tablet":{"background-color":"var(--ast-global-color-4)","background-image":"","background-repeat":"repeat","background-position":"center center","background-size":"auto","background-attachment":"scroll","background-type":"","background-media":"","overlay-type":"","overlay-color":"","overlay-opacity":"","overlay-gradient":""},"mobile":{"background-color":"var(--ast-global-color-4)","background-image":"","background-repeat":"repeat","background-position":"center center","background-size":"auto","background-attachment":"scroll","background-type":"","background-media":"","overlay-type":"","overlay-color":"","overlay-opacity":"","overlay-gradient":""}},"footnotes":""},"class_list":["post-13","page","type-page","status-publish","hentry"],"_links":{"self":[{"href":"https:\/\/laperdiciondesu.com\/index.php\/wp-json\/wp\/v2\/pages\/13","targetHints":{"allow":["GET"]}}],"collection":[{"href":"https:\/\/laperdiciondesu.com\/index.php\/wp-json\/wp\/v2\/pages"}],"about":[{"href":"https:\/\/laperdiciondesu.com\/index.php\/wp-json\/wp\/v2\/types\/page"}],"author":[{"embeddable":true,"href":"https:\/\/laperdiciondesu.com\/index.php\/wp-json\/wp\/v2\/users\/1"}],"replies":[{"embeddable":true,"href":"https:\/\/laperdiciondesu.com\/index.php\/wp-json\/wp\/v2\/comments?post=13"}],"version-history":[{"count":88,"href":"https:\/\/laperdiciondesu.com\/index.php\/wp-json\/wp\/v2\/pages\/13\/revisions"}],"predecessor-version":[{"id":763,"href":"https:\/\/laperdiciondesu.com\/index.php\/wp-json\/wp\/v2\/pages\/13\/revisions\/763"}],"wp:attachment":[{"href":"https:\/\/laperdiciondesu.com\/index.php\/wp-json\/wp\/v2\/media?parent=13"}],"curies":[{"name":"wp","href":"https:\/\/api.w.org\/{rel}","templated":true}]}}